{"id":12550,"date":"2021-02-27T17:40:52","date_gmt":"2021-02-27T16:40:52","guid":{"rendered":"https:\/\/editk.se\/case\/"},"modified":"2021-02-28T19:02:12","modified_gmt":"2021-02-28T18:02:12","slug":"case","status":"publish","type":"page","link":"https:\/\/editk.se\/en\/case\/","title":{"rendered":"Case"},"content":{"rendered":"<div id=\"cs-content\" class=\"cs-content\"><\/div>\n","protected":false},"excerpt":{"rendered":"<p>CaseThe VagiVital Intimate Health Survey2021-02-28Literature2021-02-28#SnackaOmTillv\u00e4xt2021-02-2866 Day Challenge2021-02-28Apoteksgruppen2021-02-28Fontana2021-02-28Jessica Frej2021-02-28The Book of the Year Award2021-02-28Follow us on Instagram @editk_pr[enjoyinstagram_mb]Case Litteratur2020-04-14#SnackaOmTillv\u00e4xt2020-02-14 66 Day Challenge2020-02-07Apoteksgruppen2019-05-08 Fontana2019-05-07Jessica Frej2019-05-04 \u00c5rets Bok2019-05-03 F\u00f6lj oss p\u00e5 Instagram @editk_pr<\/p>\n","protected":false},"author":3,"featured_media":0,"parent":0,"menu_order":0,"comment_status":"closed","ping_status":"closed","template":"template-layout-full-width.php","meta":{"footnotes":""},"class_list":["post-12550","page","type-page","status-publish","hentry","no-post-thumbnail"],"yoast_head":"<!-- This site is optimized with the Yoast SEO plugin v27.1.1 - https:\/\/yoast.com\/product\/yoast-seo-wordpress\/ -->\n<title>Case - editK<\/title>\n<meta name=\"description\" content=\"Our clients make both a difference and are visible! PR at its best. Here we present some completed customer projects.\" \/>\n<meta name=\"robots\" content=\"index, follow, max-snippet:-1, max-image-preview:large, max-video-preview:-1\" \/>\n<link rel=\"canonical\" href=\"https:\/\/editk.se\/en\/case\/\" \/>\n<meta property=\"og:locale\" content=\"en_US\" \/>\n<meta property=\"og:type\" content=\"article\" \/>\n<meta property=\"og:title\" content=\"Case - editK\" \/>\n<meta property=\"og:description\" content=\"Our clients make both a difference and are visible! PR at its best. Here we present some completed customer projects.\" \/>\n<meta property=\"og:url\" content=\"https:\/\/editk.se\/en\/case\/\" \/>\n<meta property=\"og:site_name\" content=\"editK\" \/>\n<meta property=\"article:publisher\" content=\"http:\/\/www.facebook.com\/editk\" \/>\n<meta property=\"article:modified_time\" content=\"2021-02-28T18:02:12+00:00\" \/>\n<meta property=\"og:image\" content=\"https:\/\/editk.se\/wp-content\/uploads\/2020\/02\/defaultBildstartsidaeditk.jpg\" \/>\n\t<meta property=\"og:image:width\" content=\"2560\" \/>\n\t<meta property=\"og:image:height\" content=\"1302\" \/>\n\t<meta property=\"og:image:type\" content=\"image\/jpeg\" \/>\n<meta name=\"twitter:card\" content=\"summary_large_image\" \/>\n<meta name=\"twitter:site\" content=\"@EditKunstlicher\" \/>\n<meta name=\"twitter:label1\" content=\"Est. reading time\" \/>\n\t<meta name=\"twitter:data1\" content=\"1 minute\" \/>\n<script type=\"application\/ld+json\" class=\"yoast-schema-graph\">{\"@context\":\"https:\/\/schema.org\",\"@graph\":[{\"@type\":\"WebPage\",\"@id\":\"https:\/\/editk.se\/en\/case\/\",\"url\":\"https:\/\/editk.se\/en\/case\/\",\"name\":\"Case - editK\",\"isPartOf\":{\"@id\":\"https:\/\/editk.se\/en\/#website\"},\"datePublished\":\"2021-02-27T16:40:52+00:00\",\"dateModified\":\"2021-02-28T18:02:12+00:00\",\"description\":\"Our clients make both a difference and are visible! PR at its best. Here we present some completed customer projects.\",\"inLanguage\":\"en-US\",\"potentialAction\":[{\"@type\":\"ReadAction\",\"target\":[\"https:\/\/editk.se\/en\/case\/\"]}]},{\"@type\":\"WebSite\",\"@id\":\"https:\/\/editk.se\/en\/#website\",\"url\":\"https:\/\/editk.se\/en\/\",\"name\":\"editK\",\"description\":\"editK erbjuder specialanpassade PR-l\u00f6sningar f\u00f6r modiga varum\u00e4rken. Det kallar vi f\u00f6r PR med personlighet!\",\"potentialAction\":[{\"@type\":\"SearchAction\",\"target\":{\"@type\":\"EntryPoint\",\"urlTemplate\":\"https:\/\/editk.se\/en\/?s={search_term_string}\"},\"query-input\":{\"@type\":\"PropertyValueSpecification\",\"valueRequired\":true,\"valueName\":\"search_term_string\"}}],\"inLanguage\":\"en-US\"}]}<\/script>\n<!-- \/ Yoast SEO plugin. -->","yoast_head_json":{"title":"Case - editK","description":"Our clients make both a difference and are visible! PR at its best. Here we present some completed customer projects.","robots":{"index":"index","follow":"follow","max-snippet":"max-snippet:-1","max-image-preview":"max-image-preview:large","max-video-preview":"max-video-preview:-1"},"canonical":"https:\/\/editk.se\/en\/case\/","og_locale":"en_US","og_type":"article","og_title":"Case - editK","og_description":"Our clients make both a difference and are visible! PR at its best. Here we present some completed customer projects.","og_url":"https:\/\/editk.se\/en\/case\/","og_site_name":"editK","article_publisher":"http:\/\/www.facebook.com\/editk","article_modified_time":"2021-02-28T18:02:12+00:00","og_image":[{"width":2560,"height":1302,"url":"https:\/\/editk.se\/wp-content\/uploads\/2020\/02\/defaultBildstartsidaeditk.jpg","type":"image\/jpeg"}],"twitter_card":"summary_large_image","twitter_site":"@EditKunstlicher","twitter_misc":{"Est. reading time":"1 minute"},"schema":{"@context":"https:\/\/schema.org","@graph":[{"@type":"WebPage","@id":"https:\/\/editk.se\/en\/case\/","url":"https:\/\/editk.se\/en\/case\/","name":"Case - editK","isPartOf":{"@id":"https:\/\/editk.se\/en\/#website"},"datePublished":"2021-02-27T16:40:52+00:00","dateModified":"2021-02-28T18:02:12+00:00","description":"Our clients make both a difference and are visible! PR at its best. Here we present some completed customer projects.","inLanguage":"en-US","potentialAction":[{"@type":"ReadAction","target":["https:\/\/editk.se\/en\/case\/"]}]},{"@type":"WebSite","@id":"https:\/\/editk.se\/en\/#website","url":"https:\/\/editk.se\/en\/","name":"editK","description":"editK erbjuder specialanpassade PR-l\u00f6sningar f\u00f6r modiga varum\u00e4rken. Det kallar vi f\u00f6r PR med personlighet!","potentialAction":[{"@type":"SearchAction","target":{"@type":"EntryPoint","urlTemplate":"https:\/\/editk.se\/en\/?s={search_term_string}"},"query-input":{"@type":"PropertyValueSpecification","valueRequired":true,"valueName":"search_term_string"}}],"inLanguage":"en-US"}]}},"_links":{"self":[{"href":"https:\/\/editk.se\/en\/wp-json\/wp\/v2\/pages\/12550","targetHints":{"allow":["GET"]}}],"collection":[{"href":"https:\/\/editk.se\/en\/wp-json\/wp\/v2\/pages"}],"about":[{"href":"https:\/\/editk.se\/en\/wp-json\/wp\/v2\/types\/page"}],"author":[{"embeddable":true,"href":"https:\/\/editk.se\/en\/wp-json\/wp\/v2\/users\/3"}],"replies":[{"embeddable":true,"href":"https:\/\/editk.se\/en\/wp-json\/wp\/v2\/comments?post=12550"}],"version-history":[{"count":5,"href":"https:\/\/editk.se\/en\/wp-json\/wp\/v2\/pages\/12550\/revisions"}],"predecessor-version":[{"id":12763,"href":"https:\/\/editk.se\/en\/wp-json\/wp\/v2\/pages\/12550\/revisions\/12763"}],"wp:attachment":[{"href":"https:\/\/editk.se\/en\/wp-json\/wp\/v2\/media?parent=12550"}],"curies":[{"name":"wp","href":"https:\/\/api.w.org\/{rel}","templated":true}]}}