{"id":12642,"date":"2021-02-28T10:34:57","date_gmt":"2021-02-28T09:34:57","guid":{"rendered":"https:\/\/editk.se\/our-clients\/"},"modified":"2021-03-02T18:11:01","modified_gmt":"2021-03-02T17:11:01","slug":"our-clients","status":"publish","type":"page","link":"https:\/\/editk.se\/en\/our-clients\/","title":{"rendered":"Our clients"},"content":{"rendered":"<div id=\"cs-content\" class=\"cs-content\"><\/div>\n","protected":false},"excerpt":{"rendered":"<p>Our clientsOur clients We love building brands and conveying our clients&#8217; messages in an increasingly fragmented media landscape. We have experience of and work with clients in fields such as &#8230; <a href=\"https:\/\/editk.se\/en\/our-clients\/\" class=\"more-link\">L\u00e4s mer<\/a><\/p>\n","protected":false},"author":3,"featured_media":0,"parent":0,"menu_order":0,"comment_status":"closed","ping_status":"closed","template":"template-layout-full-width.php","meta":{"footnotes":""},"class_list":["post-12642","page","type-page","status-publish","hentry","no-post-thumbnail"],"yoast_head":"<!-- This site is optimized with the Yoast SEO plugin v27.1.1 - https:\/\/yoast.com\/product\/yoast-seo-wordpress\/ -->\n<title>Our clients - editK<\/title>\n<meta name=\"description\" content=\"editK PR works with brands in health, lifestyle and entrepreneurship. InfluencersAgency is an agency for personal brands.\" \/>\n<meta name=\"robots\" content=\"index, follow, max-snippet:-1, max-image-preview:large, max-video-preview:-1\" \/>\n<link rel=\"canonical\" href=\"https:\/\/editk.se\/en\/our-clients\/\" \/>\n<meta property=\"og:locale\" content=\"en_US\" \/>\n<meta property=\"og:type\" content=\"article\" \/>\n<meta property=\"og:title\" content=\"Our clients - editK\" \/>\n<meta property=\"og:description\" content=\"editK PR works with brands in health, lifestyle and entrepreneurship. InfluencersAgency is an agency for personal brands.\" \/>\n<meta property=\"og:url\" content=\"https:\/\/editk.se\/en\/our-clients\/\" \/>\n<meta property=\"og:site_name\" content=\"editK\" \/>\n<meta property=\"article:publisher\" content=\"http:\/\/www.facebook.com\/editk\" \/>\n<meta property=\"article:modified_time\" content=\"2021-03-02T17:11:01+00:00\" \/>\n<meta property=\"og:image\" content=\"https:\/\/editk.se\/wp-content\/uploads\/2020\/02\/defaultBildstartsidaeditk.jpg\" \/>\n\t<meta property=\"og:image:width\" content=\"2560\" \/>\n\t<meta property=\"og:image:height\" content=\"1302\" \/>\n\t<meta property=\"og:image:type\" content=\"image\/jpeg\" \/>\n<meta name=\"twitter:card\" content=\"summary_large_image\" \/>\n<meta name=\"twitter:site\" content=\"@EditKunstlicher\" \/>\n<meta name=\"twitter:label1\" content=\"Est. reading time\" \/>\n\t<meta name=\"twitter:data1\" content=\"4 minutes\" \/>\n<script type=\"application\/ld+json\" class=\"yoast-schema-graph\">{\"@context\":\"https:\/\/schema.org\",\"@graph\":[{\"@type\":\"WebPage\",\"@id\":\"https:\/\/editk.se\/en\/our-clients\/\",\"url\":\"https:\/\/editk.se\/en\/our-clients\/\",\"name\":\"Our clients - editK\",\"isPartOf\":{\"@id\":\"https:\/\/editk.se\/en\/#website\"},\"datePublished\":\"2021-02-28T09:34:57+00:00\",\"dateModified\":\"2021-03-02T17:11:01+00:00\",\"description\":\"editK PR works with brands in health, lifestyle and entrepreneurship. InfluencersAgency is an agency for personal brands.\",\"inLanguage\":\"en-US\",\"potentialAction\":[{\"@type\":\"ReadAction\",\"target\":[\"https:\/\/editk.se\/en\/our-clients\/\"]}]},{\"@type\":\"WebSite\",\"@id\":\"https:\/\/editk.se\/en\/#website\",\"url\":\"https:\/\/editk.se\/en\/\",\"name\":\"editK\",\"description\":\"editK erbjuder specialanpassade PR-l\u00f6sningar f\u00f6r modiga varum\u00e4rken. Det kallar vi f\u00f6r PR med personlighet!\",\"potentialAction\":[{\"@type\":\"SearchAction\",\"target\":{\"@type\":\"EntryPoint\",\"urlTemplate\":\"https:\/\/editk.se\/en\/?s={search_term_string}\"},\"query-input\":{\"@type\":\"PropertyValueSpecification\",\"valueRequired\":true,\"valueName\":\"search_term_string\"}}],\"inLanguage\":\"en-US\"}]}<\/script>\n<!-- \/ Yoast SEO plugin. -->","yoast_head_json":{"title":"Our clients - editK","description":"editK PR works with brands in health, lifestyle and entrepreneurship. InfluencersAgency is an agency for personal brands.","robots":{"index":"index","follow":"follow","max-snippet":"max-snippet:-1","max-image-preview":"max-image-preview:large","max-video-preview":"max-video-preview:-1"},"canonical":"https:\/\/editk.se\/en\/our-clients\/","og_locale":"en_US","og_type":"article","og_title":"Our clients - editK","og_description":"editK PR works with brands in health, lifestyle and entrepreneurship. InfluencersAgency is an agency for personal brands.","og_url":"https:\/\/editk.se\/en\/our-clients\/","og_site_name":"editK","article_publisher":"http:\/\/www.facebook.com\/editk","article_modified_time":"2021-03-02T17:11:01+00:00","og_image":[{"width":2560,"height":1302,"url":"https:\/\/editk.se\/wp-content\/uploads\/2020\/02\/defaultBildstartsidaeditk.jpg","type":"image\/jpeg"}],"twitter_card":"summary_large_image","twitter_site":"@EditKunstlicher","twitter_misc":{"Est. reading time":"4 minutes"},"schema":{"@context":"https:\/\/schema.org","@graph":[{"@type":"WebPage","@id":"https:\/\/editk.se\/en\/our-clients\/","url":"https:\/\/editk.se\/en\/our-clients\/","name":"Our clients - editK","isPartOf":{"@id":"https:\/\/editk.se\/en\/#website"},"datePublished":"2021-02-28T09:34:57+00:00","dateModified":"2021-03-02T17:11:01+00:00","description":"editK PR works with brands in health, lifestyle and entrepreneurship. InfluencersAgency is an agency for personal brands.","inLanguage":"en-US","potentialAction":[{"@type":"ReadAction","target":["https:\/\/editk.se\/en\/our-clients\/"]}]},{"@type":"WebSite","@id":"https:\/\/editk.se\/en\/#website","url":"https:\/\/editk.se\/en\/","name":"editK","description":"editK erbjuder specialanpassade PR-l\u00f6sningar f\u00f6r modiga varum\u00e4rken. Det kallar vi f\u00f6r PR med personlighet!","potentialAction":[{"@type":"SearchAction","target":{"@type":"EntryPoint","urlTemplate":"https:\/\/editk.se\/en\/?s={search_term_string}"},"query-input":{"@type":"PropertyValueSpecification","valueRequired":true,"valueName":"search_term_string"}}],"inLanguage":"en-US"}]}},"_links":{"self":[{"href":"https:\/\/editk.se\/en\/wp-json\/wp\/v2\/pages\/12642","targetHints":{"allow":["GET"]}}],"collection":[{"href":"https:\/\/editk.se\/en\/wp-json\/wp\/v2\/pages"}],"about":[{"href":"https:\/\/editk.se\/en\/wp-json\/wp\/v2\/types\/page"}],"author":[{"embeddable":true,"href":"https:\/\/editk.se\/en\/wp-json\/wp\/v2\/users\/3"}],"replies":[{"embeddable":true,"href":"https:\/\/editk.se\/en\/wp-json\/wp\/v2\/comments?post=12642"}],"version-history":[{"count":5,"href":"https:\/\/editk.se\/en\/wp-json\/wp\/v2\/pages\/12642\/revisions"}],"predecessor-version":[{"id":12899,"href":"https:\/\/editk.se\/en\/wp-json\/wp\/v2\/pages\/12642\/revisions\/12899"}],"wp:attachment":[{"href":"https:\/\/editk.se\/en\/wp-json\/wp\/v2\/media?parent=12642"}],"curies":[{"name":"wp","href":"https:\/\/api.w.org\/{rel}","templated":true}]}}