{"id":12666,"date":"2021-02-28T10:44:59","date_gmt":"2021-02-28T09:44:59","guid":{"rendered":"https:\/\/editk.se\/what-we-do\/"},"modified":"2021-03-04T12:15:04","modified_gmt":"2021-03-04T11:15:04","slug":"what-we-do","status":"publish","type":"page","link":"https:\/\/editk.se\/en\/what-we-do\/","title":{"rendered":"What we do"},"content":{"rendered":"<div id=\"cs-content\" class=\"cs-content\"><\/div>\n","protected":false},"excerpt":{"rendered":"<p>What we doThe editK way editK offers tailored PR solutions for clients who take a long-term approach to communication and prioritise great flexibility and availability.We call it PR with personality!PR &#8230; <a href=\"https:\/\/editk.se\/en\/what-we-do\/\" class=\"more-link\">L\u00e4s mer<\/a><\/p>\n","protected":false},"author":3,"featured_media":0,"parent":0,"menu_order":0,"comment_status":"closed","ping_status":"closed","template":"template-layout-full-width.php","meta":{"footnotes":""},"class_list":["post-12666","page","type-page","status-publish","hentry","no-post-thumbnail"],"yoast_head":"<!-- This site is optimized with the Yoast SEO plugin v27.1.1 - https:\/\/yoast.com\/product\/yoast-seo-wordpress\/ -->\n<title>What we do - editK<\/title>\n<meta name=\"robots\" content=\"index, follow, max-snippet:-1, max-image-preview:large, max-video-preview:-1\" \/>\n<link rel=\"canonical\" href=\"https:\/\/editk.se\/en\/what-we-do\/\" \/>\n<meta property=\"og:locale\" content=\"en_US\" \/>\n<meta property=\"og:type\" content=\"article\" \/>\n<meta property=\"og:title\" content=\"What we do - editK\" \/>\n<meta property=\"og:description\" content=\"What we doThe editK way editK offers tailored PR solutions for clients who take a long-term approach to communication and prioritise great flexibility and availability.We call it PR with personality!PR ... L\u00e4s mer\" \/>\n<meta property=\"og:url\" content=\"https:\/\/editk.se\/en\/what-we-do\/\" \/>\n<meta property=\"og:site_name\" content=\"editK\" \/>\n<meta property=\"article:publisher\" content=\"http:\/\/www.facebook.com\/editk\" \/>\n<meta property=\"article:modified_time\" content=\"2021-03-04T11:15:04+00:00\" \/>\n<meta property=\"og:image\" content=\"https:\/\/editk.se\/wp-content\/uploads\/2020\/02\/defaultBildstartsidaeditk.jpg\" \/>\n\t<meta property=\"og:image:width\" content=\"2560\" \/>\n\t<meta property=\"og:image:height\" content=\"1302\" \/>\n\t<meta property=\"og:image:type\" content=\"image\/jpeg\" \/>\n<meta name=\"twitter:card\" content=\"summary_large_image\" \/>\n<meta name=\"twitter:site\" content=\"@EditKunstlicher\" \/>\n<meta name=\"twitter:label1\" content=\"Est. reading time\" \/>\n\t<meta name=\"twitter:data1\" content=\"3 minutes\" \/>\n<script type=\"application\/ld+json\" class=\"yoast-schema-graph\">{\"@context\":\"https:\/\/schema.org\",\"@graph\":[{\"@type\":\"WebPage\",\"@id\":\"https:\/\/editk.se\/en\/what-we-do\/\",\"url\":\"https:\/\/editk.se\/en\/what-we-do\/\",\"name\":\"What we do - editK\",\"isPartOf\":{\"@id\":\"https:\/\/editk.se\/en\/#website\"},\"datePublished\":\"2021-02-28T09:44:59+00:00\",\"dateModified\":\"2021-03-04T11:15:04+00:00\",\"inLanguage\":\"en-US\",\"potentialAction\":[{\"@type\":\"ReadAction\",\"target\":[\"https:\/\/editk.se\/en\/what-we-do\/\"]}]},{\"@type\":\"WebSite\",\"@id\":\"https:\/\/editk.se\/en\/#website\",\"url\":\"https:\/\/editk.se\/en\/\",\"name\":\"editK\",\"description\":\"editK erbjuder specialanpassade PR-l\u00f6sningar f\u00f6r modiga varum\u00e4rken. Det kallar vi f\u00f6r PR med personlighet!\",\"potentialAction\":[{\"@type\":\"SearchAction\",\"target\":{\"@type\":\"EntryPoint\",\"urlTemplate\":\"https:\/\/editk.se\/en\/?s={search_term_string}\"},\"query-input\":{\"@type\":\"PropertyValueSpecification\",\"valueRequired\":true,\"valueName\":\"search_term_string\"}}],\"inLanguage\":\"en-US\"}]}<\/script>\n<!-- \/ Yoast SEO plugin. -->","yoast_head_json":{"title":"What we do - editK","robots":{"index":"index","follow":"follow","max-snippet":"max-snippet:-1","max-image-preview":"max-image-preview:large","max-video-preview":"max-video-preview:-1"},"canonical":"https:\/\/editk.se\/en\/what-we-do\/","og_locale":"en_US","og_type":"article","og_title":"What we do - editK","og_description":"What we doThe editK way editK offers tailored PR solutions for clients who take a long-term approach to communication and prioritise great flexibility and availability.We call it PR with personality!PR ... L\u00e4s mer","og_url":"https:\/\/editk.se\/en\/what-we-do\/","og_site_name":"editK","article_publisher":"http:\/\/www.facebook.com\/editk","article_modified_time":"2021-03-04T11:15:04+00:00","og_image":[{"width":2560,"height":1302,"url":"https:\/\/editk.se\/wp-content\/uploads\/2020\/02\/defaultBildstartsidaeditk.jpg","type":"image\/jpeg"}],"twitter_card":"summary_large_image","twitter_site":"@EditKunstlicher","twitter_misc":{"Est. reading time":"3 minutes"},"schema":{"@context":"https:\/\/schema.org","@graph":[{"@type":"WebPage","@id":"https:\/\/editk.se\/en\/what-we-do\/","url":"https:\/\/editk.se\/en\/what-we-do\/","name":"What we do - editK","isPartOf":{"@id":"https:\/\/editk.se\/en\/#website"},"datePublished":"2021-02-28T09:44:59+00:00","dateModified":"2021-03-04T11:15:04+00:00","inLanguage":"en-US","potentialAction":[{"@type":"ReadAction","target":["https:\/\/editk.se\/en\/what-we-do\/"]}]},{"@type":"WebSite","@id":"https:\/\/editk.se\/en\/#website","url":"https:\/\/editk.se\/en\/","name":"editK","description":"editK erbjuder specialanpassade PR-l\u00f6sningar f\u00f6r modiga varum\u00e4rken. Det kallar vi f\u00f6r PR med personlighet!","potentialAction":[{"@type":"SearchAction","target":{"@type":"EntryPoint","urlTemplate":"https:\/\/editk.se\/en\/?s={search_term_string}"},"query-input":{"@type":"PropertyValueSpecification","valueRequired":true,"valueName":"search_term_string"}}],"inLanguage":"en-US"}]}},"_links":{"self":[{"href":"https:\/\/editk.se\/en\/wp-json\/wp\/v2\/pages\/12666","targetHints":{"allow":["GET"]}}],"collection":[{"href":"https:\/\/editk.se\/en\/wp-json\/wp\/v2\/pages"}],"about":[{"href":"https:\/\/editk.se\/en\/wp-json\/wp\/v2\/types\/page"}],"author":[{"embeddable":true,"href":"https:\/\/editk.se\/en\/wp-json\/wp\/v2\/users\/3"}],"replies":[{"embeddable":true,"href":"https:\/\/editk.se\/en\/wp-json\/wp\/v2\/comments?post=12666"}],"version-history":[{"count":5,"href":"https:\/\/editk.se\/en\/wp-json\/wp\/v2\/pages\/12666\/revisions"}],"predecessor-version":[{"id":12963,"href":"https:\/\/editk.se\/en\/wp-json\/wp\/v2\/pages\/12666\/revisions\/12963"}],"wp:attachment":[{"href":"https:\/\/editk.se\/en\/wp-json\/wp\/v2\/media?parent=12666"}],"curies":[{"name":"wp","href":"https:\/\/api.w.org\/{rel}","templated":true}]}}